{"id":2285,"date":"2020-09-29T10:00:39","date_gmt":"2020-09-29T10:00:39","guid":{"rendered":"https:\/\/lamundialbarcelona.com\/privacy-policy\/"},"modified":"2021-01-03T20:34:59","modified_gmt":"2021-01-03T20:34:59","slug":"politique-de-confidentialite","status":"publish","type":"page","link":"https:\/\/lamundialbarcelona.com\/fr\/politique-de-confidentialite\/","title":{"rendered":"POLITIQUE DE CONFIDENTIALIT\u00c9"},"content":{"rendered":"<p><b>POLITIQUE DE COOKIE<\/b><\/p>\n<p><b>Quels sont les cookies<\/b><br \/>\nLes cookies sont de petits fichiers texte plac\u00e9s sur votre ordinateur par les sites Web que vous visitez. Ils sont utilis\u00e9s pour faire fonctionner les sites Web, ou les aides a travailler plus efficacement, ainsi que pour fournir des informations aux propri\u00e9taires du site.<\/p>\n<p>Voici les cookies utilis\u00e9s sur lamundialbarcelona.com<\/p>\n<p><b>Google Analytics<\/b><br \/>\nGoogle Analytics est un outil simple et facile\u00a0 d\u2019utilisation qui aide les propri\u00e9taires de sites Web \u00e0 mesurer la mani\u00e8re dont les utilisateurs interagissent avec le contenu du site Web.<\/p>\n<p>Pour ne plus \u00eatre suivi par Google Analytics sur l\u2019ensemble des sites Web, acc\u00e9dez \u00e0 l\u2019option compl\u00e9mentaire de\u00a0<a href=\"https:\/\/tools.google.com\/dlpage\/gaoptout\">d\u00e9sactivation de Google Analytics.<\/a><\/p>\n<p>Pour plus d\u2019informations sur l\u2019utilisation des cookies par Google, consultez la page d\u2019utilisation des<a href=\"https:\/\/developers.google.com\/analytics\/devguides\/collection\/analyticsjs\/cookie-usage\">\u00a0cookies de Google.<\/a><\/p>\n<p><b>Wordfence<\/b><br \/>\nCookies de s\u00e9curit\u00e9 utilis\u00e9s pour prot\u00e9ger le site contre les attaques malveillantes en v\u00e9rifiant si les utilisateurs se comportent comme des robots ou comme des personnes r\u00e9elle tout en notant les informations sur votre emplacement g\u00e9ographique g\u00e9n\u00e9ral.<\/p>\n<p><b>Cookie Law Info<\/b><br \/>\nCookie Law Info est un petit script qui stocke votre clic d\u2019acceptation de l\u2019avis de cookie.<\/p>\n<p>Au lamundialbarcelona.com nous avons essay\u00e9 d\u2019\u00eatre aussi transparent que possible dans notre politique de cookies. Il convient de noter que les cookies par des tiers sont sujets \u00e0 \u00eatre modifier, mais nous nous efforcerons de surveiller ces changements et de mettre \u00e0 jour cet avis si n\u00e9cessaire.<\/p>\n<p><b>POLITIQUE DE CONFIDENTIALIT\u00c9<\/b><\/p>\n<p><b><br \/>\nD\u00e9claration g\u00e9n\u00e9rale<\/b><br \/>\nlamundialbarcelona.comrespecte vos droit \u00e0 la vie priv\u00e9e. Les visiteurs sont inform\u00e9s chaque fois qu\u2019ils visitent lamundialbarcelona.com deux niveaux g\u00e9n\u00e9raux d\u2019information peuvent \u00eatre retenus. Le premier niveau est l\u2019information qui est personnelle ou particuli\u00e8re au visiteur sp\u00e9cifique qui choisit en connaissance de cause de fournir cette information, ce qui comprend des informations statistiques collect\u00e9es et agr\u00e9g\u00e9es sur une base non personnelle sp\u00e9cifique de tous les visiteurs du site. La seconde comprend des informations statistiques collect\u00e9es et agr\u00e9g\u00e9es sur une base non personnelle sp\u00e9cifique de tous les visiteurs du site.<\/p>\n<p><b>Qui sommes nous?<\/b><br \/>\nLa Mundial Barcelona \u2013 info@lamundialbarcelona.com<\/p>\n<p><b>Collecte et utilisation de renseignements personnels<\/b><br \/>\nGr\u00e2ce aux formulaires de contact sur lamundialbarcelona.com, vous avez l\u2019opportunit\u00e9 de nous envoyer des informations. En soumettant vos donn\u00e9es, vous nous fournissez un certain niveau d\u2019informations personnelles. Ces informations ne sont pas stock\u00e9es sur la base de donn\u00e9es de notre site Web, mais vos donn\u00e9es sont envoy\u00e9es par e-mail \u00e0 l\u2019adresse e-mail de notre site Web o\u00f9 elles sont enregistr\u00e9es, afin que nous puissions r\u00e9pondre \u00e0 votre demande. De plus, nous pouvons utiliser vos coordonn\u00e9es pour vous envoyer des information marketing \u00e0 l\u2019avenir. Vous pouvez vous d\u00e9sabonner de tous les courriels que vous recevez apr\u00e8s la premi\u00e8re r\u00e9ponse. lamundialbarcelona.com ne transmet pas vos donn\u00e9es \u00e0 des tiers.<br \/>\nComment recueillons-nous des informations aupr\u00e8s de vous?<br \/>\nLorsque vous nous contactez, les informations sont collect\u00e9es telles que:<\/p>\n<p>\u2022 Titre<br \/>\n\u2022 Nom et pr\u00e9nom<br \/>\n\u2022 adresse e-mail (<br \/>\n\u2022 adresse du domicile ou du travail<br \/>\n\u2022 num\u00e9ro de t\u00e9l\u00e9phone<br \/>\n\u2022 Nom de la compagnie<br \/>\n\u2022 les pr\u00e9f\u00e9rences de marketing (que vous optiez pour l\u2019opt-in ou l\u2019opt-out)<\/p>\n<p>Vous avez le droit de nous retirer votre consentement sur l\u2019utilisation de vos donn\u00e9es personnelles \u00e0 tout moment, et de demander que nous le supprimions. Nous ne conservons pas vos donn\u00e9es personnelles plus longtemps que n\u00e9cessaire, compte tenu des raisons pour lesquelles elles ont \u00e9t\u00e9 collect\u00e9es pour la premi\u00e8re fois. Toutes ces demandes doivent \u00eatre faites \u00e0 cette adresse email: info@lamundialbarcelona.com<\/p>\n<p><b>Qui a acc\u00e8s \u00e0 vos informations?<\/b><br \/>\nlamundialbarcelona.com ne partage pas, ne vend pas et ne distribue ou loue pas vos informations personnelles \u00e0 des tiers. Toute information personnelle que nous vous demandons sera prot\u00e9g\u00e9e par la l\u00e9gislation en vigueur.<\/p>\n<p>Notre site Web contient des liens vers d\u2019autres sites tels que Paypal, Facebook, Twitter, Google, Instagram, YouTube. Veuillez noter que nous n\u2019avons aucun contr\u00f4le sur la fa\u00e7on dont vos donn\u00e9es sont collect\u00e9es, stock\u00e9es ou utilis\u00e9es par d\u2019autres sites Web et nous vous conseillons de v\u00e9rifier les politiques de confidentialit\u00e9 de ces sites avant de leur fournir des donn\u00e9es.<\/p>\n<p><b>Collecte et utilisation de donn\u00e9es statistiques non personnelles<\/b><br \/>\nLes informations statistiques et analytiques fournissent uniquement des informations g\u00e9n\u00e9rales sur le nombre de personnes qui visitent lamundialbarcelona.com<\/p>\n<p>\u2022 Le nombre de personnes qui reviennent sur ce site<br \/>\n\u2022 Les pages qu\u2019ils visitent<br \/>\n\u2022 O\u00f9 ils \u00e9taient avant qu\u2019ils viennent \u00e0 ce site et la page dans le site o\u00f9 ils sont sortis<\/p>\n<p>Cette information nous aide \u00e0 surveiller le trafic sur le site Web afin que nous puissions g\u00e9rer la capacit\u00e9 et l\u2019efficacit\u00e9 du site Web. Cela nous aide \u00e9galement \u00e0 comprendre quelles parties du site sont les plus populaires et \u00e0 \u00e9valuer le comportement et les caract\u00e9ristiques des utilisateurs afin de mesurer l\u2019int\u00e9r\u00eat et l\u2019utilisation des diff\u00e9rents domaines du site Web lamundialbarcelona.com<\/p>\n<p><b>Instagram<\/b><br \/>\nLes images affich\u00e9es dans le flux Instagram sur lamundialbarcelona.com incluent la possibilit\u00e9 de r\u00e9pondre, partager ou aimer l\u2019image directement sur lamundialbarcelona.com. Si vous choisissez d\u2019interagir avec ces fonctions, vous pourrez \u00e9tablir une connexion avec Instagram.com, qui pourra collecter votre adresse IP, l\u2019agent utilisateur de votre navigateur Web, int\u00e9grer un suivi suppl\u00e9mentaire et surveiller votre interaction avec le widget, y compris la corr\u00e9lation de votre compte Instagram avec quelle que soit l\u2019action que vous effectuez dans le widget (comme \u201caimer\u201d une image), si vous \u00eates connect\u00e9 \u00e0 Instagram. Pour plus d\u2019informations sur la fa\u00e7on dont ces donn\u00e9es peuvent \u00eatre utilis\u00e9es, veuillez consulter la politique de\u00a0<a href=\"https:\/\/help.instagram.com\/155833707900388\">confidentialit\u00e9 des donn\u00e9es d\u2019Instagram.<\/a><\/p>\n<p><b>Youtube<\/b><br \/>\nLes vid\u00e9os YouTube affich\u00e9es sur ce site incluent la possibilit\u00e9 de partager la vid\u00e9o directement sur lamundialbarcelona.com. Si vous choisissez d\u2019interagir avec ces fonctions, vous vous connecterez \u00e0\u00a0youtube.com, qui pourra collecter votre adresse IP, l\u2019agent utilisateur de votre navigateur Web, int\u00e9grer un suivi suppl\u00e9mentaire et surveiller votre interaction avec le widget, y compris la corr\u00e9lation de votre compte sur les r\u00e9seaux sociaux avec n\u2019importe quelle action que vous prenez dans le widget (comme \u201cpartager\u201d une vid\u00e9o), si vous \u00eates connect\u00e9 \u00e0 Google. Pour plus d\u2019informations sur l\u2019utilisation de ces donn\u00e9es, consultez la politique de<a href=\"https:\/\/support.google.com\/youtube\/answer\/7671399?hl=fr\">\u00a0confidentialit\u00e9 de YouTubes.<\/a><\/p>\n","protected":false},"excerpt":{"rendered":"<p>POLITIQUE DE COOKIE Quels sont les cookies Les cookies sont de petits fichiers texte plac\u00e9s sur votre ordinateur par les sites&#8230;<\/p>\n","protected":false},"author":1,"featured_media":0,"parent":0,"menu_order":0,"comment_status":"closed","ping_status":"closed","template":"","meta":{"footnotes":""},"class_list":["post-2285","page","type-page","status-publish","hentry"],"_links":{"self":[{"href":"https:\/\/lamundialbarcelona.com\/fr\/wp-json\/wp\/v2\/pages\/2285"}],"collection":[{"href":"https:\/\/lamundialbarcelona.com\/fr\/wp-json\/wp\/v2\/pages"}],"about":[{"href":"https:\/\/lamundialbarcelona.com\/fr\/wp-json\/wp\/v2\/types\/page"}],"author":[{"embeddable":true,"href":"https:\/\/lamundialbarcelona.com\/fr\/wp-json\/wp\/v2\/users\/1"}],"replies":[{"embeddable":true,"href":"https:\/\/lamundialbarcelona.com\/fr\/wp-json\/wp\/v2\/comments?post=2285"}],"version-history":[{"count":2,"href":"https:\/\/lamundialbarcelona.com\/fr\/wp-json\/wp\/v2\/pages\/2285\/revisions"}],"predecessor-version":[{"id":2295,"href":"https:\/\/lamundialbarcelona.com\/fr\/wp-json\/wp\/v2\/pages\/2285\/revisions\/2295"}],"wp:attachment":[{"href":"https:\/\/lamundialbarcelona.com\/fr\/wp-json\/wp\/v2\/media?parent=2285"}],"curies":[{"name":"wp","href":"https:\/\/api.w.org\/{rel}","templated":true}]}}