{"id":2063,"date":"2020-09-11T07:27:25","date_gmt":"2020-09-11T07:27:25","guid":{"rendered":"https:\/\/lamundialbarcelona.com\/home\/"},"modified":"2025-11-26T17:13:35","modified_gmt":"2025-11-26T17:13:35","slug":"home","status":"publish","type":"page","link":"https:\/\/lamundialbarcelona.com\/fr\/","title":{"rendered":"Home"},"content":{"rendered":"<p>[vc_row full_width=\u00a0\u00bbstretch_row\u00a0\u00bb][vc_column][rev_slider_vc alias=\u00a0\u00bbhome-main\u00a0\u00bb][\/vc_column][\/vc_row][vc_row foundry_padding=\u00a0\u00bbpt64 pb64&Prime;][vc_column width=\u00a0\u00bb1\/6&Prime;][\/vc_column][vc_column width=\u00a0\u00bb2\/3&Prime;][vc_column_text]<\/p>\n<h2 style=\"text-align: center;\">D\u00c9LICIEUSEMENT ADDICTIVE, L\u00c9G\u00c8REMENT P\u00c9TILLANTE<br \/>\nET TOUJOURS DOUCE ET FRA\u00ceCHE<\/h2>\n<p style=\"text-align: center;\">Radicalement diff\u00e9rent, un ap\u00e9ritif fruit\u00e9 et p\u00e9tillant. Pr\u00eat \u00e0 d\u00e9guster. Une recette in\u00e9gal\u00e9e de raisins locaux, d&rsquo;extraits de fruits et d\u2019\u00e9pices et de premi\u00e8re qualit\u00e9. Une produit fabriqu\u00e9 et mis en bouteille dans la province de Barcelone.<\/p>\n<p>[\/vc_column_text][\/vc_column][vc_column width=\u00a0\u00bb1\/6&Prime;][\/vc_column][\/vc_row][vc_row css=\u00a0\u00bb.vc_custom_1600937263976{background-image: url(https:\/\/lamundialbarcelona.com\/wp-content\/uploads\/2020\/09\/divider-3-clarea.jpg?id=1844) !important;}\u00a0\u00bb el_id=\u00a0\u00bbclarea\u00a0\u00bb][vc_column][vc_column_text]<\/p>\n<h1 class=\"uppercase mb8\" style=\"text-align: center;\">CLAREA<\/h1>\n<p class=\"lead mb40\" style=\"text-align: center;\">Douce &#8211; succulente &#8211; fraiche<\/p>\n<p>[\/vc_column_text][\/vc_column][\/vc_row][vc_row bg_type=\u00a0\u00bbimage\u00a0\u00bb parallax_style=\u00a0\u00bbvcpb-default\u00a0\u00bb bg_image_new=\u00a0\u00bbid^1519|url^https:\/\/lamundialbarcelona.com\/wp-content\/uploads\/2020\/09\/rosalea-bg.jpg|caption^null|alt^null|title^rosalea-bg|description^null\u00a0\u00bb bg_image_repeat=\u00a0\u00bbno-repeat\u00a0\u00bb bg_img_attach=\u00a0\u00bbfixed\u00a0\u00bb bg_override=\u00a0\u00bbfull\u00a0\u00bb css=\u00a0\u00bb.vc_custom_1599750257698{background-position: 0 0 !important;background-repeat: no-repeat !important;}\u00a0\u00bb][vc_column width=\u00a0\u00bb1\/3&Prime;][vc_empty_space height=\u00a0\u00bb60px\u00a0\u00bb el_class=\u00a0\u00bbvc_hidden-sm vc_hidden-xs\u00a0\u00bb][vc_single_image image=\u00a0\u00bb2013&Prime; img_size=\u00a0\u00bbfull\u00a0\u00bb alignment=\u00a0\u00bbcenter\u00a0\u00bb][vc_empty_space height=\u00a0\u00bb40px\u00a0\u00bb][vc_column_text]<\/p>\n<h2 class=\"uppercase\">La d\u00e9licieuse somptuosit\u00e9<br \/>\nde son caract\u00e8re fruit\u00e9<\/h2>\n<p style=\"text-align: justify;\">La Mundial est une boisson \u00e0 base de vin, l\u00e9g\u00e8rement effervescente<\/p>\n<p style=\"text-align: justify;\">Notre Clarea est \u00e9labor\u00e9e \u00e0 partir d&rsquo;une base de vin, d&rsquo;extraits de fruits et d&rsquo;\u00e9pices, pour une boisson originale qui saura s\u00e9duire vos papilles.<\/p>\n<p><em>Servir tr\u00e8s froid avec une tranche de citron pour plus de fra\u00eecheur! <\/em>[\/vc_column_text][\/vc_column][vc_column width=\u00a0\u00bb1\/3&Prime;][vc_single_image image=\u00a0\u00bb1839&Prime; img_size=\u00a0\u00bblarge\u00a0\u00bb alignment=\u00a0\u00bbcenter\u00a0\u00bb][\/vc_column][vc_column width=\u00a0\u00bb1\/3&Prime;][vc_column_text]<\/p>\n<h2 class=\"uppercase\">\u00c9PICES EXOTIQUES<br \/>\nTOUCHE DE P\u00caCHE<\/h2>\n<p>Une \u00e9l\u00e9gante couleur jaune aux reflets dor\u00e9s et ambr\u00e9s. Une touche de p\u00eache et une caresse s\u00e9duisante de fines bulles.[\/vc_column_text][vc_empty_space height=\u00a0\u00bb40px\u00a0\u00bb][vc_single_image image=\u00a0\u00bb2015&Prime; img_size=\u00a0\u00bbfull\u00a0\u00bb alignment=\u00a0\u00bbcenter\u00a0\u00bb][\/vc_column][\/vc_row][vc_row css=\u00a0\u00bb.vc_custom_1599816042443{background-image: url(https:\/\/lamundialbarcelona.com\/wp-content\/uploads\/2020\/09\/divider-2.jpg?id=1692) !important;}\u00a0\u00bb el_id=\u00a0\u00bbrosalea\u00a0\u00bb][vc_column][vc_column_text]<\/p>\n<h1 class=\"uppercase mb8\" style=\"text-align: center;\">ROSALEA<\/h1>\n<p class=\"lead mb40\" style=\"text-align: center;\">Agr\u00e9able &#8211; Savoureuse &#8211; Fraiche<\/p>\n<p>[\/vc_column_text][\/vc_column][\/vc_row][vc_row bg_type=\u00a0\u00bbimage\u00a0\u00bb parallax_style=\u00a0\u00bbvcpb-default\u00a0\u00bb bg_image_new=\u00a0\u00bbid^1519|url^https:\/\/lamundialbarcelona.com\/wp-content\/uploads\/2020\/09\/rosalea-bg.jpg|caption^null|alt^null|title^rosalea-bg|description^null\u00a0\u00bb bg_image_repeat=\u00a0\u00bbno-repeat\u00a0\u00bb bg_img_attach=\u00a0\u00bbfixed\u00a0\u00bb bg_override=\u00a0\u00bbfull\u00a0\u00bb css=\u00a0\u00bb.vc_custom_1599750257698{background-position: 0 0 !important;background-repeat: no-repeat !important;}\u00a0\u00bb][vc_column width=\u00a0\u00bb1\/3&Prime;][vc_empty_space height=\u00a0\u00bb60px\u00a0\u00bb el_class=\u00a0\u00bbvc_hidden-sm vc_hidden-xs\u00a0\u00bb][vc_column_text]<\/p>\n<h2 class=\"uppercase\">\u00c9CHAPPEZ \u00c0 L&rsquo;ORDINAIRE,<br \/>\nPROFITEZ D&rsquo;UN ZEST DE FRA\u00ceCHEUR.<\/h2>\n<p style=\"text-align: justify;\">\u00ab\u00a0Mundial Rosalea est une boisson aromatis\u00e9e \u00e0 base de vin, l\u00e9g\u00e8rement p\u00e9tillante, pour une exp\u00e9rience encore plus unique.\u201d<\/p>\n<p style=\"text-align: justify;\">Rosalea est \u00e9labor\u00e9e \u00e0 partir d&rsquo;une base de vin, d&rsquo;extraits de fruits et d&rsquo;\u00e9pices, pour une boisson originale qui saura s\u00e9duire vos papilles.<\/p>\n<p style=\"text-align: justify;\"><em>Servir tr\u00e8s froid avec une tranche d&rsquo;orange pour plus de fra\u00eecheur! <\/em><\/p>\n<p>[\/vc_column_text][vc_empty_space height=\u00a0\u00bb40px\u00a0\u00bb][vc_single_image image=\u00a0\u00bb2017&Prime; img_size=\u00a0\u00bbfull\u00a0\u00bb alignment=\u00a0\u00bbcenter\u00a0\u00bb][\/vc_column][vc_column width=\u00a0\u00bb1\/3&Prime;][vc_single_image image=\u00a0\u00bb2335&Prime; img_size=\u00a0\u00bblarge\u00a0\u00bb alignment=\u00a0\u00bbcenter\u00a0\u00bb][\/vc_column][vc_column width=\u00a0\u00bb1\/3&Prime;][vc_column_text]<\/p>\n<h2 class=\"uppercase\">UN BOUQUET D\u2019 AGR\u00dbMES<\/h2>\n<p>Une couleur rose intense et brillante.<br \/>\nSaveur fruit\u00e9e + l\u00e9g\u00e8rement p\u00e9tillant.[\/vc_column_text][vc_empty_space height=\u00a0\u00bb40px\u00a0\u00bb][vc_single_image image=\u00a0\u00bb2019&Prime; img_size=\u00a0\u00bbfull\u00a0\u00bb alignment=\u00a0\u00bbcenter\u00a0\u00bb][\/vc_column][\/vc_row][vc_row foundry_background_style=\u00a0\u00bbbg-secondary\u00a0\u00bb foundry_padding=\u00a0\u00bbpt64 pb64&Prime; foundry_vertical_align=\u00a0\u00bbyes\u00a0\u00bb][vc_column width=\u00a0\u00bb5\/12&Prime;][vc_column_text]<\/p>\n<h2 class=\"uppercase mb16\" style=\"text-align: center;\">#LAMUNDIAL.ES<\/h2>\n<h5 class=\"uppercase\" style=\"text-align: center;\">Suivez-nous pour plus de contenu sur INSTAGRAM<\/h5>\n<p>[\/vc_column_text][\/vc_column][vc_column width=\u00a0\u00bb7\/12&Prime;][vc_single_image image=\u00a0\u00bb2021&Prime; img_size=\u00a0\u00bbfull\u00a0\u00bb alignment=\u00a0\u00bbcenter\u00a0\u00bb onclick=\u00a0\u00bbcustom_link\u00a0\u00bb img_link_target=\u00a0\u00bb_blank\u00a0\u00bb link=\u00a0\u00bbhttps:\/\/www.instagram.com\/lamundial.es\/\u00a0\u00bb][\/vc_column][\/vc_row][vc_row full_width=\u00a0\u00bbstretch_row\u00a0\u00bb foundry_padding=\u00a0\u00bbpb0&Prime; foundry_parallax=\u00a0\u00bbnot-parallax\u00a0\u00bb el_id=\u00a0\u00bbemplacements\u00a0\u00bb css=\u00a0\u00bb.vc_custom_1654717684764{background-image: url(https:\/\/lamundialbarcelona.com\/wp-content\/uploads\/2022\/06\/map-scaled.jpg?id=2364) !important;background-position: center !important;background-repeat: no-repeat !important;background-size: cover !important;}\u00a0\u00bb][vc_column][vc_empty_space height=\u00a0\u00bb200px\u00a0\u00bb][vc_column_text]<\/p>\n<p style=\"text-align: center;\"><a class=\"btn btn-lg btn-filled mb0\" href=\"https:\/\/www.google.com\/maps\/d\/viewer?mid=10WX9Pyj7S3ySmgZ50C-of1GhS0knX4g&amp;ll=39.867401380725084%2C42.71057990256654&amp;z=3\" target=\"_blank\" rel=\"noopener noreferrer\">Voir les localisations de nos clients<\/a><\/p>\n<p>[\/vc_column_text][vc_empty_space height=\u00a0\u00bb200px\u00a0\u00bb][\/vc_column][\/vc_row][vc_row foundry_padding=\u00a0\u00bbpt0 pb0&Prime; css=\u00a0\u00bb.vc_custom_1654717724809{padding-top: 40px !important;padding-bottom: 40px !important;}\u00a0\u00bb el_id=\u00a0\u00bbcontact\u00a0\u00bb][vc_column][vc_column_text]<\/p>\n<h1 class=\"uppercase mb8\" style=\"text-align: center;\">CONTACTEZ-NOUS<\/h1>\n<p>[\/vc_column_text]\n<div class=\"wpcf7 no-js\" id=\"wpcf7-f2071-o1\" lang=\"en-US\" dir=\"ltr\">\n<div class=\"screen-reader-response\"><p role=\"status\" aria-live=\"polite\" aria-atomic=\"true\"><\/p> <ul><\/ul><\/div>\n<form action=\"\/fr\/wp-json\/wp\/v2\/pages\/2063#wpcf7-f2071-o1\" method=\"post\" class=\"wpcf7-form init\" aria-label=\"Contact form\" novalidate=\"novalidate\" data-status=\"init\">\n<div style=\"display: none;\">\n<input type=\"hidden\" name=\"_wpcf7\" value=\"2071\" \/>\n<input type=\"hidden\" name=\"_wpcf7_version\" value=\"5.9.8\" \/>\n<input type=\"hidden\" name=\"_wpcf7_locale\" value=\"en_US\" \/>\n<input type=\"hidden\" name=\"_wpcf7_unit_tag\" value=\"wpcf7-f2071-o1\" \/>\n<input type=\"hidden\" name=\"_wpcf7_container_post\" value=\"0\" \/>\n<input type=\"hidden\" name=\"_wpcf7_posted_data_hash\" value=\"\" \/>\n<\/div>\n<p><label> Votre nom (champs obligatoire)<br \/>\n<span class=\"wpcf7-form-control-wrap\" data-name=\"your-name\"><input size=\"40\" maxlength=\"400\" class=\"wpcf7-form-control wpcf7-text wpcf7-validates-as-required\" aria-required=\"true\" aria-invalid=\"false\" value=\"\" type=\"text\" name=\"your-name\" \/><\/span> <\/label>\n<\/p>\n<p><label> Votre email (champs obligatoire)<br \/>\n<span class=\"wpcf7-form-control-wrap\" data-name=\"your-email\"><input size=\"40\" maxlength=\"400\" class=\"wpcf7-form-control wpcf7-email wpcf7-validates-as-required wpcf7-text wpcf7-validates-as-email\" aria-required=\"true\" aria-invalid=\"false\" value=\"\" type=\"email\" name=\"your-email\" \/><\/span> <\/label>\n<\/p>\n<p><label> Objet<br \/>\n<span class=\"wpcf7-form-control-wrap\" data-name=\"your-subject\"><input size=\"40\" maxlength=\"400\" class=\"wpcf7-form-control wpcf7-text\" aria-invalid=\"false\" value=\"\" type=\"text\" name=\"your-subject\" \/><\/span> <\/label>\n<\/p>\n<p><label> Votre message<br \/>\n<span class=\"wpcf7-form-control-wrap\" data-name=\"your-message\"><textarea cols=\"40\" rows=\"10\" maxlength=\"2000\" class=\"wpcf7-form-control wpcf7-textarea\" aria-invalid=\"false\" name=\"your-message\"><\/textarea><\/span> <\/label>\n<\/p>\n<p><span class=\"wpcf7-form-control-wrap\" data-name=\"quiz-592\"><label><span class=\"wpcf7-quiz-label\">Question de s\u00e9curit\u00e9 : Combien font 2+3?<\/span> <input size=\"40\" class=\"wpcf7-form-control wpcf7-quiz\" autocomplete=\"off\" aria-required=\"true\" aria-invalid=\"false\" type=\"text\" name=\"quiz-592\" \/><\/label><input type=\"hidden\" name=\"_wpcf7_quiz_answer_quiz-592\" value=\"d3803884beb0504368a34fa29f605495\" \/><\/span>\n<\/p>\n<p><label> Clickez pour accepter la politique de protection des donn\u00e9es<br \/>\n<span class=\"wpcf7-form-control-wrap\" data-name=\"Privacy\"><span class=\"wpcf7-form-control wpcf7-acceptance\"><span class=\"wpcf7-list-item\"><input type=\"checkbox\" name=\"Privacy\" value=\"1\" aria-invalid=\"false\" \/><\/span><\/span><\/span> <\/label>\n<\/p>\n<p><input class=\"wpcf7-form-control wpcf7-submit has-spinner\" type=\"submit\" value=\"ENVOYER\" \/>\n<\/p><div class=\"wpcf7-response-output\" aria-hidden=\"true\"><\/div>\n<\/form>\n<\/div>\n[\/vc_column][\/vc_row]<\/p>\n","protected":false},"excerpt":{"rendered":"<p>[vc_row full_width=\u00a0\u00bbstretch_row\u00a0\u00bb][vc_column][rev_slider_vc alias=\u00a0\u00bbhome-main\u00a0\u00bb][\/vc_column][\/vc_row][vc_row foundry_padding=\u00a0\u00bbpt64 pb64&Prime;][vc_column width=\u00a0\u00bb1\/6&Prime;][\/vc_column][vc_column width=\u00a0\u00bb2\/3&Prime;][vc_column_text] D\u00c9LICIEUSEMENT ADDICTIVE, L\u00c9G\u00c8REMENT P\u00c9TILLANTE ET TOUJOURS DOUCE ET FRA\u00ceCHE Radicalement diff\u00e9rent, un ap\u00e9ritif fruit\u00e9&#8230;<\/p>\n","protected":false},"author":1,"featured_media":0,"parent":0,"menu_order":0,"comment_status":"closed","ping_status":"closed","template":"","meta":{"footnotes":""},"class_list":["post-2063","page","type-page","status-publish","hentry"],"_links":{"self":[{"href":"https:\/\/lamundialbarcelona.com\/fr\/wp-json\/wp\/v2\/pages\/2063"}],"collection":[{"href":"https:\/\/lamundialbarcelona.com\/fr\/wp-json\/wp\/v2\/pages"}],"about":[{"href":"https:\/\/lamundialbarcelona.com\/fr\/wp-json\/wp\/v2\/types\/page"}],"author":[{"embeddable":true,"href":"https:\/\/lamundialbarcelona.com\/fr\/wp-json\/wp\/v2\/users\/1"}],"replies":[{"embeddable":true,"href":"https:\/\/lamundialbarcelona.com\/fr\/wp-json\/wp\/v2\/comments?post=2063"}],"version-history":[{"count":23,"href":"https:\/\/lamundialbarcelona.com\/fr\/wp-json\/wp\/v2\/pages\/2063\/revisions"}],"predecessor-version":[{"id":2502,"href":"https:\/\/lamundialbarcelona.com\/fr\/wp-json\/wp\/v2\/pages\/2063\/revisions\/2502"}],"wp:attachment":[{"href":"https:\/\/lamundialbarcelona.com\/fr\/wp-json\/wp\/v2\/media?parent=2063"}],"curies":[{"name":"wp","href":"https:\/\/api.w.org\/{rel}","templated":true}]}}