{"id":2284,"date":"2020-09-29T10:00:39","date_gmt":"2020-09-29T10:00:39","guid":{"rendered":"https:\/\/lamundialbarcelona.com\/privacy-policy\/"},"modified":"2021-01-03T20:30:40","modified_gmt":"2021-01-03T20:30:40","slug":"politica-de-privacitat","status":"publish","type":"page","link":"https:\/\/lamundialbarcelona.com\/ca\/politica-de-privacitat\/","title":{"rendered":"POL\u00cdTICA DE PRIVACITAT"},"content":{"rendered":"<p>[vc_row][vc_column][vc_column_text]<strong>POL\u00cdTICA DE COOKIES <\/strong><\/p>\n<p><strong>Qu\u00e8 s\u00f3n les cookies?<\/strong><br \/>\nLes cookies s\u00f3n petits fitxers de text ubicats al vostre ordinador dels llocs web que es visiten. S\u00f3n \u00e0mpliament utilitzades per a fer que els llocs web funcionin, o funcionin de forma m\u00e9s eficient, aix\u00ed com per proporcionar informaci\u00f3 als propietaris del lloc.<br \/>\nAquestes s\u00f3n les cookies en \u00fas a lamundiabarcelona.com<\/p>\n<p><strong>Google Analytics<\/strong><\/p>\n<p>Google Analytics \u00e9s una eina simple i f\u00e0cil d\u2019utilitzar que ajuda als propietaris de llocs web a mesurar com interactuen els usuaris amb el contingut del lloc web.<br \/>\nPer desactivar el seguiment de Google Analytics a tots els llocs web, visiteu el complement del navegador de desactivaci\u00f3 de Google Analytics.<br \/>\nPer obtenir m\u00e9s informaci\u00f3 sobre l\u2019\u00fas de cookies de Google, visiteu la p\u00e0gina\u00a0d\u2019\u00fas de cookies de Google.<\/p>\n<p><strong>Wordfence<\/strong><\/p>\n<p>Les cookies de seguretat que s\u2019utilitzen per protegir el lloc contra atacs maliciosos, comproven si la gent es comporta com a robots o com a persones, guardant, al mateix temps, informaci\u00f3 sobre la seva ubicaci\u00f3 geogr\u00e0fica general.<\/p>\n<p><strong>Sucuri Security<\/strong><\/p>\n<p>Cookies de seguretat que s\u2019utilitzen per protegir el lloc contra atacs maliciosos.<\/p>\n<p><strong>Cookie Law Info<\/strong><\/p>\n<p>Cookie Law Info \u00e9s una petita seq\u00fc\u00e8ncia de comandaments que emmagatzema la seva acceptaci\u00f3 sobre l\u2019av\u00eds de cookies.<br \/>\nA \u201clamundiabarcelona.com\u201d, ens esforcem per ser el m\u00e9s transparents possible en la nostra pol\u00edtica de cookies. Cal indicar que les cookies de tercers estan subjectes a canvis, tot i que intentarem controlar aquests canvis i actualitzar aquesta notificaci\u00f3 a mesura que sigui necessari.<\/p>\n<p><strong>POL\u00cdTICA DE PRIVACITAT<\/strong><\/p>\n<p><strong>Declaraci\u00f3n general<\/strong><br \/>\n\u201clamundiabarcelona.com\u201d respecta el seu dret a la privacitat. S\u2019informa als visitants que cada vegada que es visita lamundiabarcelona.com es poden conservar dos nivells generals d\u2019informaci\u00f3. El primer nivell \u00e9s informaci\u00f3 personal o particular per a un visitant determinat que tria conscientment proporcionar aquesta informaci\u00f3. El segon nivell consisteix en informaci\u00f3 estad\u00edstica recollida i agregada de manera no personal, de tots els visitants del lloc.<\/p>\n<p>Qui som?<br \/>\nLa Mundial Barcelona &#8211; lamundiabarcelona.com<\/p>\n<p><strong>Recollida i \u00fas d\u2019informaci\u00f3 personal<\/strong><br \/>\nA trav\u00e9s de formularis de contacte a lamundiabarcelona.com teniu l\u2019oportunitat d\u2019enviar-nos informaci\u00f3. A l\u2019enviar les vostres dades, ens proporcioneu un cert nivell d\u2019informaci\u00f3 personal. Aquesta informaci\u00f3 no s\u2019emmagatzema a la nostra base de dades del lloc web, per\u00f2 les vostres dades s\u2019envien a l\u2019adre\u00e7a de correu electr\u00f2nic del lloc web on es desa, per a poder respondre a la vostra consulta. A m\u00e9s, podem utilitzar les vostres dades de contacte per enviar material de m\u00e0rqueting en el futur. Podeu cancel\u00b7lar la subscripci\u00f3 a qualsevol correu electr\u00f2nic que rebeu despr\u00e9s de la primera resposta. \u201clamundiabarcelona.com\u201d no transmet les seves dades a tercers.<\/p>\n<p><strong>Com recollim la vostra informaci\u00f3?<\/strong><br \/>\nAl posar-vos en contacte amb nosaltres, fer una reserva o enviar informaci\u00f3 per sol\u00b7licitar feina a trav\u00e9s del nostre lloc web. La informaci\u00f3 recollida \u00e9s:<br \/>\n\u2022 t\u00edtol<br \/>\n\u2022 nom<br \/>\n\u2022 adre\u00e7a de correu electr\u00f2nic<br \/>\n\u2022 adre\u00e7a f\u00edsica personal o laboral<br \/>\n\u2022 n\u00famero de tel\u00e8fon<br \/>\n\u2022 nom de l\u2019empresa<br \/>\n\u2022 prefer\u00e8ncies de m\u00e0rqueting (ja sigui activaci\u00f3 o desactivaci\u00f3)<\/p>\n<p>L\u2019usuari t\u00e9 dret a retirar-nos el consentiment de tractament de dades personals en qualsevol moment i demanar-nos que l\u2019eliminem. Les dades personals no es mantenen m\u00e9s temps del que \u00e9s necessari, i es mantenen nom\u00e9s pels motius que van ser recollides. Qualsevol sol\u00b7licitud en aquest sentit ha de fer-se a la seg\u00fcent adre\u00e7a de correu electr\u00f2nic: lamundiabarcelona.com<\/p>\n<p><strong>Qui t\u00e9 acc\u00e9s a la vostra informaci\u00f3?<\/strong><br \/>\n\u201clamundiabarcelona.com\u201d no comparteix, ven, distribueix ni lloga la vostra informaci\u00f3 personal a tercers. Qualsevol informaci\u00f3 personal que sol\u00b7licitem ser\u00e0 protegida segons la legislaci\u00f3 vigent.<br \/>\nEl nostre lloc web cont\u00e9 enlla\u00e7os a altres llocs web com PayPal, Facebook, Twitter, Google, Instagram o YouTube. Tingueu en compte que no tenim cap control sobre com les vostres dades s\u00f3n recopilades, emmagatzemades o utilitzades per altres llocs web i us aconsellem que consulteu les pol\u00edtiques de privacitat d\u2019aquests llocs web abans de proporcionar-los dades.<\/p>\n<p>Recopilaci\u00f3 i utilitzaci\u00f3 de dades estad\u00edstiques no personals<br \/>\nLa informaci\u00f3 estad\u00edstica i anal\u00edtica nom\u00e9s proporciona informaci\u00f3 general sobre la quantitat de persones que visiten lamundiabarcelona.com<br \/>\n\u2022 El nombre de persones que tornen a aquest lloc<br \/>\n\u2022 Les p\u00e0gines que visiten<br \/>\n\u2022 On van ser abans d\u2019arribar a aquest lloc i la p\u00e0gina a la que han continuat la navegaci\u00f3<br \/>\nAquesta informaci\u00f3 ens ajuda a controlar el tr\u00e0nsit al lloc web perqu\u00e8 en puguem gestionar la capacitat i l\u2019efici\u00e8ncia. Tamb\u00e9 ens ajuda a comprendre quines parts del lloc s\u00f3n m\u00e9s populars i per avaluar el comportament i les caracter\u00edstiques de l\u2019usuari per mesurar l\u2019inter\u00e8s, i l\u2019\u00fas de les diferents \u00e0rees del lloc web \u201clamundiabarcelona.com\u201d.<\/p>\n<p><strong>Instagram<\/strong><br \/>\nLes imatges que es mostren al feed d\u2019Instagram a lamundiabarcelona.com inclouen la possibilitat de respondre, compartir o fer m\u2019agrada a la imatge directament a lamundiabarcelona.com. Si s\u2019opta per interactuar amb aquestes funcions, es far\u00e0 una connexi\u00f3 amb Instagram.com, que pot recopilar la vostra adre\u00e7a IP, el vostre agent d\u2019usuari del navegador web, incrustar un seguiment addicional i controlar la vostra interacci\u00f3 amb el widget, incloent-hi la correlaci\u00f3 del vostre compte d\u2019Instagram en qualsevol acci\u00f3 que realitzeu dins del widget (com ara clicar \u201cm\u2019agrada\u201d a una imatge), si heu iniciat la sessi\u00f3 a Instagram. Per obtenir m\u00e9s informaci\u00f3 sobre com es poden utilitzar aquestes dades, consulteu la pol\u00edtica de privacitat de dades d\u2019Instagram.<\/p>\n<p><strong>YouTube<\/strong><br \/>\nEls v\u00eddeos de YouTube que es mostren en aquest lloc inclouen la possibilitat de compartir el v\u00eddeo directament a lamundiabarcelona.com. Si s\u2019opta per interactuar amb aquestes funcions, us far\u00e0 una connexi\u00f3 a youtube.com, que pot recopilar la vostra adre\u00e7a IP, el vostre agent d\u2019usuari del navegador web, incrustar un seguiment addicional i controlar la vostra interacci\u00f3 amb el widget, inclosa la correlaci\u00f3 del compte de les xarxes socials amb qualsevol acci\u00f3 que realitzeu dins del widget (com ara \u201ccompartir\u201d un v\u00eddeo), si heu iniciat la sessi\u00f3 a Google. Per obtenir m\u00e9s informaci\u00f3 sobre com es poden utilitzar aquestes dades, consulteu la pol\u00edtica de privacitat de dades de YouTube.[\/vc_column_text][\/vc_column][\/vc_row]<\/p>\n","protected":false},"excerpt":{"rendered":"<p>[vc_row][vc_column][vc_column_text]POL\u00cdTICA DE COOKIES Qu\u00e8 s\u00f3n les cookies? Les cookies s\u00f3n petits fitxers de text ubicats al vostre ordinador dels llocs web&#8230;<\/p>\n","protected":false},"author":1,"featured_media":0,"parent":0,"menu_order":0,"comment_status":"closed","ping_status":"closed","template":"","meta":{"footnotes":""},"class_list":["post-2284","page","type-page","status-publish","hentry"],"_links":{"self":[{"href":"https:\/\/lamundialbarcelona.com\/ca\/wp-json\/wp\/v2\/pages\/2284"}],"collection":[{"href":"https:\/\/lamundialbarcelona.com\/ca\/wp-json\/wp\/v2\/pages"}],"about":[{"href":"https:\/\/lamundialbarcelona.com\/ca\/wp-json\/wp\/v2\/types\/page"}],"author":[{"embeddable":true,"href":"https:\/\/lamundialbarcelona.com\/ca\/wp-json\/wp\/v2\/users\/1"}],"replies":[{"embeddable":true,"href":"https:\/\/lamundialbarcelona.com\/ca\/wp-json\/wp\/v2\/comments?post=2284"}],"version-history":[{"count":3,"href":"https:\/\/lamundialbarcelona.com\/ca\/wp-json\/wp\/v2\/pages\/2284\/revisions"}],"predecessor-version":[{"id":2293,"href":"https:\/\/lamundialbarcelona.com\/ca\/wp-json\/wp\/v2\/pages\/2284\/revisions\/2293"}],"wp:attachment":[{"href":"https:\/\/lamundialbarcelona.com\/ca\/wp-json\/wp\/v2\/media?parent=2284"}],"curies":[{"name":"wp","href":"https:\/\/api.w.org\/{rel}","templated":true}]}}