{"id":2202,"date":"2020-10-09T21:27:30","date_gmt":"2020-10-09T21:27:30","guid":{"rendered":"https:\/\/lamundialbarcelona.com\/passion-mundial\/"},"modified":"2021-01-03T19:37:55","modified_gmt":"2021-01-03T19:37:55","slug":"passion-mundial","status":"publish","type":"page","link":"https:\/\/lamundialbarcelona.com\/ca\/passion-mundial\/","title":{"rendered":"PASSION MUNDIAL"},"content":{"rendered":"<p>[vc_row foundry_padding=&#8221;pt64 pb64&#8243; bg_type=&#8221;image&#8221; parallax_style=&#8221;vcpb-default&#8221; bg_image_new=&#8221;id^1519|url^https:\/\/lamundialbarcelona.com\/wp-content\/uploads\/2020\/09\/rosalea-bg.jpg|caption^null|alt^null|title^rosalea-bg|description^null&#8221; bg_image_repeat=&#8221;no-repeat&#8221; bg_img_attach=&#8221;fixed&#8221; bg_override=&#8221;full&#8221; css=&#8221;.vc_custom_1602277254844{background-position: 0 0 !important;background-repeat: no-repeat !important;}&#8221;][vc_column width=&#8221;1\/2&#8243;][vc_column_text]<\/p>\n<h2 class=\"uppercase\">PASSION MUNDIAL<\/h2>\n<p><strong>INGREDIENTS<\/strong><br \/>\n1 unitat de fruita de la passi\u00f3 (maracuj\u00e0) + branca de roman\u00ed<br \/>\n5 cl Gin Mare<br \/>\n1 cl de Cointreau<br \/>\n1\u20195 cl de llimona espremuda<br \/>\n1 cl de xarop de canyella<br \/>\n1 espurna d\u2019angostura<br \/>\n20 cl de Mundial Rosalea<\/p>\n<p><strong>ELABORACI\u00d3 + TIPUS DE COPA<\/strong><br \/>\nCoctelera + got old fashioned (on the rocks)<\/p>\n<p><strong>DECORACI\u00d3<\/strong><br \/>\n1\u20442 fruita de la passi\u00f3 + roman\u00ed + estrella d\u2019an\u00eds + canyella cremada<\/p>\n<p><strong>PREPARACI\u00d3<\/strong><br \/>\nRemovem els ingredients excepte La Mundial i l\u2019angostura en una coctelera amb abundant gel i servim en un got \u201cOn the rocks\u201d, a continuaci\u00f3, afegim La Mundial i finalitzem amb unes gotes d\u2019angostura.<br \/>\nPer a la decoraci\u00f3: la mitja fruita de la passi\u00f3 impregnada amb Cointreau, li prenem foc amb un bufador de cocteleria.<br \/>\nI empolvorem amb canyella m\u00f2lta i la cremem des de l\u2019aire.[\/vc_column_text][\/vc_column][vc_column width=&#8221;1\/2&#8243;][vc_single_image image=&#8221;2104&#8243; img_size=&#8221;full&#8221; alignment=&#8221;center&#8221;][\/vc_column][\/vc_row]<\/p>\n","protected":false},"excerpt":{"rendered":"<p>[vc_row foundry_padding=&#8221;pt64 pb64&#8243; bg_type=&#8221;image&#8221; parallax_style=&#8221;vcpb-default&#8221; bg_image_new=&#8221;id^1519|url^https:\/\/lamundialbarcelona.com\/wp-content\/uploads\/2020\/09\/rosalea-bg.jpg|caption^null|alt^null|title^rosalea-bg|description^null&#8221; bg_image_repeat=&#8221;no-repeat&#8221; bg_img_attach=&#8221;fixed&#8221; bg_override=&#8221;full&#8221; css=&#8221;.vc_custom_1602277254844{background-position: 0 0 !important;background-repeat: no-repeat !important;}&#8221;][vc_column width=&#8221;1\/2&#8243;][vc_column_text] PASSION MUNDIAL INGREDIENTS 1 unitat&#8230;<\/p>\n","protected":false},"author":1,"featured_media":0,"parent":0,"menu_order":0,"comment_status":"closed","ping_status":"closed","template":"","meta":{"footnotes":""},"class_list":["post-2202","page","type-page","status-publish","hentry"],"_links":{"self":[{"href":"https:\/\/lamundialbarcelona.com\/ca\/wp-json\/wp\/v2\/pages\/2202"}],"collection":[{"href":"https:\/\/lamundialbarcelona.com\/ca\/wp-json\/wp\/v2\/pages"}],"about":[{"href":"https:\/\/lamundialbarcelona.com\/ca\/wp-json\/wp\/v2\/types\/page"}],"author":[{"embeddable":true,"href":"https:\/\/lamundialbarcelona.com\/ca\/wp-json\/wp\/v2\/users\/1"}],"replies":[{"embeddable":true,"href":"https:\/\/lamundialbarcelona.com\/ca\/wp-json\/wp\/v2\/comments?post=2202"}],"version-history":[{"count":6,"href":"https:\/\/lamundialbarcelona.com\/ca\/wp-json\/wp\/v2\/pages\/2202\/revisions"}],"predecessor-version":[{"id":2266,"href":"https:\/\/lamundialbarcelona.com\/ca\/wp-json\/wp\/v2\/pages\/2202\/revisions\/2266"}],"wp:attachment":[{"href":"https:\/\/lamundialbarcelona.com\/ca\/wp-json\/wp\/v2\/media?parent=2202"}],"curies":[{"name":"wp","href":"https:\/\/api.w.org\/{rel}","templated":true}]}}