{"id":2172,"date":"2020-10-09T21:23:58","date_gmt":"2020-10-09T21:23:58","guid":{"rendered":"https:\/\/lamundialbarcelona.com\/especias-florales\/"},"modified":"2021-01-06T10:05:55","modified_gmt":"2021-01-06T10:05:55","slug":"especies-florals","status":"publish","type":"page","link":"https:\/\/lamundialbarcelona.com\/ca\/especies-florals\/","title":{"rendered":"ESP\u00c8CIES FLORALS"},"content":{"rendered":"<p>[vc_row foundry_padding=&#8221;pt64 pb64&#8243; bg_type=&#8221;image&#8221; parallax_style=&#8221;vcpb-default&#8221; bg_image_new=&#8221;id^1519|url^https:\/\/lamundialbarcelona.com\/wp-content\/uploads\/2020\/09\/rosalea-bg.jpg|caption^null|alt^null|title^rosalea-bg|description^null&#8221; bg_image_repeat=&#8221;no-repeat&#8221; bg_img_attach=&#8221;fixed&#8221; bg_override=&#8221;full&#8221; css=&#8221;.vc_custom_1602277254844{background-position: 0 0 !important;background-repeat: no-repeat !important;}&#8221;][vc_column width=&#8221;1\/2&#8243;][vc_column_text]<\/p>\n<h2 class=\"uppercase\">ESP\u00c8CIES FLORALS<\/h2>\n<p><strong>INGREDIENTS<\/strong><br \/>\n4 groselles<br \/>\n5 cl d\u2019Italicus<br \/>\n1,5 cl lemongrass (citronella)<br \/>\n1,5 cl de llimona espremuda<br \/>\n1\u20195 cl de melmelada de maduixa<br \/>\n20 cl Mundial Rosalea<\/p>\n<p><strong>ELABORACI\u00d3 + TIPUS DE COPA <\/strong><br \/>\nCoctelera + Highball o copa Hurricane<\/p>\n<p><strong>DECORACI\u00d3<\/strong><br \/>\nRamell de groselles, pell de taronja amb c\u00edtrics i alf\u00e0brega<\/p>\n<p><strong>PREPARACI\u00d3<\/strong><br \/>\nAixafem la grosella i barregem la melmelada de maduixa amb tots els ingredients excepte La Mundial a la coctelera amb molt de<br \/>\ngel i colem amb doble strain (colador de cuc i colador).<br \/>\nServim en un highball o copa Hurricane i afegim La Mundial Rosalea i removem amb delicadesa.<br \/>\nFinalitzem amb la decoraci\u00f3: ramell de groselles i la pell de la taronja pessigada per a espr\u00e9mer el c\u00edtric per sobre.[\/vc_column_text][\/vc_column][vc_column width=&#8221;1\/2&#8243;][vc_single_image image=&#8221;2102&#8243; img_size=&#8221;full&#8221; alignment=&#8221;center&#8221;][\/vc_column][\/vc_row]<\/p>\n","protected":false},"excerpt":{"rendered":"<p>[vc_row foundry_padding=&#8221;pt64 pb64&#8243; bg_type=&#8221;image&#8221; parallax_style=&#8221;vcpb-default&#8221; bg_image_new=&#8221;id^1519|url^https:\/\/lamundialbarcelona.com\/wp-content\/uploads\/2020\/09\/rosalea-bg.jpg|caption^null|alt^null|title^rosalea-bg|description^null&#8221; bg_image_repeat=&#8221;no-repeat&#8221; bg_img_attach=&#8221;fixed&#8221; bg_override=&#8221;full&#8221; css=&#8221;.vc_custom_1602277254844{background-position: 0 0 !important;background-repeat: no-repeat !important;}&#8221;][vc_column width=&#8221;1\/2&#8243;][vc_column_text] ESP\u00c8CIES FLORALS INGREDIENTS 4 groselles&#8230;<\/p>\n","protected":false},"author":1,"featured_media":0,"parent":0,"menu_order":0,"comment_status":"closed","ping_status":"closed","template":"","meta":{"footnotes":""},"class_list":["post-2172","page","type-page","status-publish","hentry"],"_links":{"self":[{"href":"https:\/\/lamundialbarcelona.com\/ca\/wp-json\/wp\/v2\/pages\/2172"}],"collection":[{"href":"https:\/\/lamundialbarcelona.com\/ca\/wp-json\/wp\/v2\/pages"}],"about":[{"href":"https:\/\/lamundialbarcelona.com\/ca\/wp-json\/wp\/v2\/types\/page"}],"author":[{"embeddable":true,"href":"https:\/\/lamundialbarcelona.com\/ca\/wp-json\/wp\/v2\/users\/1"}],"replies":[{"embeddable":true,"href":"https:\/\/lamundialbarcelona.com\/ca\/wp-json\/wp\/v2\/comments?post=2172"}],"version-history":[{"count":6,"href":"https:\/\/lamundialbarcelona.com\/ca\/wp-json\/wp\/v2\/pages\/2172\/revisions"}],"predecessor-version":[{"id":2317,"href":"https:\/\/lamundialbarcelona.com\/ca\/wp-json\/wp\/v2\/pages\/2172\/revisions\/2317"}],"wp:attachment":[{"href":"https:\/\/lamundialbarcelona.com\/ca\/wp-json\/wp\/v2\/media?parent=2172"}],"curies":[{"name":"wp","href":"https:\/\/api.w.org\/{rel}","templated":true}]}}