{"id":2066,"date":"2020-09-11T07:27:25","date_gmt":"2020-09-11T07:27:25","guid":{"rendered":"https:\/\/lamundialbarcelona.com\/home\/"},"modified":"2025-11-26T12:13:02","modified_gmt":"2025-11-26T12:13:02","slug":"home","status":"publish","type":"page","link":"https:\/\/lamundialbarcelona.com\/ca\/","title":{"rendered":"Home"},"content":{"rendered":"<p>[vc_row full_width=&#8221;stretch_row&#8221;][vc_column][rev_slider_vc alias=&#8221;home-main&#8221;][\/vc_column][\/vc_row][vc_row foundry_padding=&#8221;pt64 pb64&#8243;][vc_column width=&#8221;1\/6&#8243;][\/vc_column][vc_column width=&#8221;2\/3&#8243;][vc_column_text]<\/p>\n<h2 style=\"text-align: center;\">SERIAMENT TEMPTADOR, LLEUGERAMENT EFERVESCENT I SEMPRE SUAU I FRESC<\/h2>\n<p style=\"text-align: center;\">Radicalment diferent. Beguda aromatitzada a base de vi, de paladar intens, afruitat i espum\u00f3s. Prepara\u2019t per gaudir. Una recepta \u00fanica, elaborada amb ra\u00efms locals, amb extractes de fruites i esp\u00e8cies i de primera qualitat. Una producci\u00f3 elaborada i embotellada a la prov\u00edncia de Barcelona.<\/p>\n<p>[\/vc_column_text][\/vc_column][vc_column width=&#8221;1\/6&#8243;][\/vc_column][\/vc_row][vc_row css=&#8221;.vc_custom_1600937263976{background-image: url(https:\/\/lamundialbarcelona.com\/wp-content\/uploads\/2020\/09\/divider-3-clarea.jpg?id=1844) !important;}&#8221; el_id=&#8221;clarea&#8221;][vc_column][vc_column_text]<\/p>\n<h1 class=\"uppercase mb8\" style=\"text-align: center;\">CLAREA<\/h1>\n<p class=\"lead mb40\" style=\"text-align: center;\">Suau \u2013 Delici\u00f3s \u2013 Fresc<\/p>\n<p>[\/vc_column_text][\/vc_column][\/vc_row][vc_row bg_type=&#8221;image&#8221; parallax_style=&#8221;vcpb-default&#8221; bg_image_new=&#8221;id^1519|url^https:\/\/lamundialbarcelona.com\/wp-content\/uploads\/2020\/09\/rosalea-bg.jpg|caption^null|alt^null|title^rosalea-bg|description^null&#8221; bg_image_repeat=&#8221;no-repeat&#8221; bg_img_attach=&#8221;fixed&#8221; bg_override=&#8221;full&#8221; css=&#8221;.vc_custom_1599750257698{background-position: 0 0 !important;background-repeat: no-repeat !important;}&#8221;][vc_column width=&#8221;1\/3&#8243;][vc_empty_space height=&#8221;60px&#8221; el_class=&#8221;vc_hidden-sm vc_hidden-xs&#8221;][vc_single_image image=&#8221;2014&#8243; img_size=&#8221;full&#8221; alignment=&#8221;center&#8221;][vc_empty_space height=&#8221;40px&#8221;][vc_column_text]<\/p>\n<h2 class=\"uppercase\">La deliciosa sumptuositat<br \/>\ndel seu car\u00e0cter afruitat<\/h2>\n<p style=\"text-align: justify;\">\u201cLa Mundial Clarea \u00e9s una beguda aromatitzada a base de vi amb un toc efervescent, fent-la encara m\u00e9s especial.\u201d<\/p>\n<p style=\"text-align: justify;\">La nostra Clarea s&#8217;elabora amb una base de vi, extractes de fruites i esp\u00e8cies per aconseguir una beguda original, que conquerir\u00e0 el teu paladar.<\/p>\n<p style=\"text-align: justify;\"><em>Serveix-lo molt fred amb una rodanxa de llimona per a potenciar la seva frescor i sabor. <\/em><\/p>\n<p>[\/vc_column_text][\/vc_column][vc_column width=&#8221;1\/3&#8243;][vc_single_image image=&#8221;1839&#8243; img_size=&#8221;large&#8221; alignment=&#8221;center&#8221;][\/vc_column][vc_column width=&#8221;1\/3&#8243;][vc_column_text]<\/p>\n<h2 class=\"uppercase\">ESP\u00c8CIES EX\u00d2TIQUES<\/h2>\n<p>Un elegant color groc amb tonalitats daurades i ambre.<br \/>\nUn toc de pr\u00e9ssec i una car\u00edcia seductora de bombolles fines.[\/vc_column_text][vc_empty_space height=&#8221;40px&#8221;][vc_single_image image=&#8221;2016&#8243; img_size=&#8221;full&#8221; alignment=&#8221;center&#8221;][\/vc_column][\/vc_row][vc_row css=&#8221;.vc_custom_1599816042443{background-image: url(https:\/\/lamundialbarcelona.com\/wp-content\/uploads\/2020\/09\/divider-2.jpg?id=1692) !important;}&#8221; el_id=&#8221;rosalea&#8221;][vc_column][vc_column_text]<\/p>\n<h1 class=\"uppercase mb8\" style=\"text-align: center;\">ROSALEA<\/h1>\n<p class=\"lead mb40\" style=\"text-align: center;\">Agradable \u2013 Delici\u00f3s \u2013 Fresc<\/p>\n<p>[\/vc_column_text][\/vc_column][\/vc_row][vc_row bg_type=&#8221;image&#8221; parallax_style=&#8221;vcpb-default&#8221; bg_image_new=&#8221;id^1519|url^https:\/\/lamundialbarcelona.com\/wp-content\/uploads\/2020\/09\/rosalea-bg.jpg|caption^null|alt^null|title^rosalea-bg|description^null&#8221; bg_image_repeat=&#8221;no-repeat&#8221; bg_img_attach=&#8221;fixed&#8221; bg_override=&#8221;full&#8221; css=&#8221;.vc_custom_1599750257698{background-position: 0 0 !important;background-repeat: no-repeat !important;}&#8221;][vc_column width=&#8221;1\/3&#8243;][vc_empty_space height=&#8221;60px&#8221; el_class=&#8221;vc_hidden-sm vc_hidden-xs&#8221;][vc_column_text]<\/p>\n<h2 class=\"uppercase\">ESCAPA DE L\u2019ORDIN\u00c0RI,<br \/>\nGAUDEIX D\u2019UN FRENES\u00cd DE FRESCOR.<\/h2>\n<p style=\"text-align: justify;\">\u201cLa Mundial Rosalea frizzante s\u2019elabora de forma artesanal amb un toc efervescent, fent-la encara m\u00e9s especial\u201d.<\/p>\n<p style=\"text-align: justify;\">Rosalea s&#8217;elabora amb una base de vi, extractes de fruites i esp\u00e8cies per aconseguir una beguda original, que conquerir\u00e0 el teu paladar.<\/p>\n<p style=\"text-align: justify;\"><em>Serveix-lo molt fred amb una rodanxa de taronja per a potenciar la seva frescor i sabor.<\/em><\/p>\n<p>[\/vc_column_text][vc_empty_space height=&#8221;40px&#8221;][vc_single_image image=&#8221;2018&#8243; img_size=&#8221;full&#8221; alignment=&#8221;center&#8221;][\/vc_column][vc_column width=&#8221;1\/3&#8243;][vc_single_image image=&#8221;2334&#8243; img_size=&#8221;large&#8221; alignment=&#8221;center&#8221;][\/vc_column][vc_column width=&#8221;1\/3&#8243;][vc_column_text]<\/p>\n<h2 class=\"uppercase\">UN VENTALL DE C\u00cdTRICS<\/h2>\n<p>Brillant color rosa intens acompanyat d\u2019un aroma temptador.<br \/>\nSabor afruitat + lleugerament efervescent[\/vc_column_text][vc_column_text]<\/p>\n<p style=\"text-align: left;\"><a class=\"btn btn-lg bg-dark mb0\" href=\"https:\/\/madeinspain.store\/?s=la+mundial&amp;post_type=product&amp;dgwt_wcas=1\" target=\"_blank\" rel=\"noopener noreferrer\">COMPRA ARA<\/a><\/p>\n<p>[\/vc_column_text][vc_empty_space height=&#8221;40px&#8221;][vc_single_image image=&#8221;2067&#8243; img_size=&#8221;full&#8221; alignment=&#8221;center&#8221;][\/vc_column][\/vc_row][vc_row foundry_background_style=&#8221;bg-secondary&#8221; foundry_padding=&#8221;pt64 pb64&#8243; foundry_vertical_align=&#8221;yes&#8221;][vc_column width=&#8221;5\/12&#8243;][vc_column_text]<\/p>\n<h2 class=\"uppercase mb16\" style=\"text-align: center;\">#LAMUNDIAL.ES<\/h2>\n<h5 class=\"uppercase\" style=\"text-align: center;\">SEGUEIX-NOS PER A M\u00c9S CONTINGUT AL NOSTRE INSTAGRAM<\/h5>\n<p>[\/vc_column_text][\/vc_column][vc_column width=&#8221;7\/12&#8243;][vc_single_image image=&#8221;2022&#8243; img_size=&#8221;full&#8221; alignment=&#8221;center&#8221; onclick=&#8221;custom_link&#8221; img_link_target=&#8221;_blank&#8221; link=&#8221;https:\/\/www.instagram.com\/lamundial.es\/&#8221;][\/vc_column][\/vc_row][vc_row full_width=&#8221;stretch_row&#8221; foundry_padding=&#8221;pb0&#8243; foundry_parallax=&#8221;not-parallax&#8221; el_id=&#8221;localitzacions&#8221; css=&#8221;.vc_custom_1654717246903{background-image: url(https:\/\/lamundialbarcelona.com\/wp-content\/uploads\/2022\/06\/map-scaled.jpg?id=2364) !important;background-position: center !important;background-repeat: no-repeat !important;background-size: cover !important;}&#8221;][vc_column][vc_empty_space height=&#8221;200px&#8221;][vc_column_text]<\/p>\n<p style=\"text-align: center;\"><a class=\"btn btn-lg btn-filled mb0\" href=\"https:\/\/www.google.com\/maps\/d\/viewer?mid=10WX9Pyj7S3ySmgZ50C-of1GhS0knX4g&amp;ll=39.867401380725084%2C42.71057990256654&amp;z=3\" target=\"_blank\" rel=\"noopener noreferrer\">Veure les nostres ubicacions de clients<\/a><\/p>\n<p>[\/vc_column_text][vc_empty_space height=&#8221;200px&#8221;][\/vc_column][\/vc_row][vc_row foundry_padding=&#8221;pt0 pb0&#8243; css=&#8221;.vc_custom_1654717297530{padding-top: 40px !important;padding-bottom: 40px !important;}&#8221; el_id=&#8221;contacte&#8221;][vc_column][vc_column_text]<\/p>\n<h1 class=\"uppercase mb8\" style=\"text-align: center;\">CONTACTE<\/h1>\n<p>[\/vc_column_text]\n<div class=\"wpcf7 no-js\" id=\"wpcf7-f2082-o1\" lang=\"en-US\" dir=\"ltr\">\n<div class=\"screen-reader-response\"><p role=\"status\" aria-live=\"polite\" aria-atomic=\"true\"><\/p> <ul><\/ul><\/div>\n<form action=\"\/ca\/wp-json\/wp\/v2\/pages\/2066#wpcf7-f2082-o1\" method=\"post\" class=\"wpcf7-form init\" aria-label=\"Contact form\" novalidate=\"novalidate\" data-status=\"init\">\n<div style=\"display: none;\">\n<input type=\"hidden\" name=\"_wpcf7\" value=\"2082\" \/>\n<input type=\"hidden\" name=\"_wpcf7_version\" value=\"5.9.8\" \/>\n<input type=\"hidden\" name=\"_wpcf7_locale\" value=\"en_US\" \/>\n<input type=\"hidden\" name=\"_wpcf7_unit_tag\" value=\"wpcf7-f2082-o1\" \/>\n<input type=\"hidden\" name=\"_wpcf7_container_post\" value=\"0\" \/>\n<input type=\"hidden\" name=\"_wpcf7_posted_data_hash\" value=\"\" \/>\n<\/div>\n<p><label> Nom (requerit)<br \/>\n<span class=\"wpcf7-form-control-wrap\" data-name=\"your-name\"><input size=\"40\" maxlength=\"400\" class=\"wpcf7-form-control wpcf7-text wpcf7-validates-as-required\" aria-required=\"true\" aria-invalid=\"false\" value=\"\" type=\"text\" name=\"your-name\" \/><\/span> <\/label>\n<\/p>\n<p><label> Email (requerit)<br \/>\n<span class=\"wpcf7-form-control-wrap\" data-name=\"your-email\"><input size=\"40\" maxlength=\"400\" class=\"wpcf7-form-control wpcf7-email wpcf7-validates-as-required wpcf7-text wpcf7-validates-as-email\" aria-required=\"true\" aria-invalid=\"false\" value=\"\" type=\"email\" name=\"your-email\" \/><\/span> <\/label>\n<\/p>\n<p><label> Assumpte<br \/>\n<span class=\"wpcf7-form-control-wrap\" data-name=\"your-subject\"><input size=\"40\" maxlength=\"400\" class=\"wpcf7-form-control wpcf7-text\" aria-invalid=\"false\" value=\"\" type=\"text\" name=\"your-subject\" \/><\/span> <\/label>\n<\/p>\n<p><label> Missatge<br \/>\n<span class=\"wpcf7-form-control-wrap\" data-name=\"your-message\"><textarea cols=\"40\" rows=\"10\" maxlength=\"2000\" class=\"wpcf7-form-control wpcf7-textarea\" aria-invalid=\"false\" name=\"your-message\"><\/textarea><\/span> <\/label>\n<\/p>\n<p><span class=\"wpcf7-form-control-wrap\" data-name=\"quiz-592\"><label><span class=\"wpcf7-quiz-label\">Respon la pregunta de seguretat: 2+3?<\/span> <input size=\"40\" class=\"wpcf7-form-control wpcf7-quiz\" autocomplete=\"off\" aria-required=\"true\" aria-invalid=\"false\" type=\"text\" name=\"quiz-592\" \/><\/label><input type=\"hidden\" name=\"_wpcf7_quiz_answer_quiz-592\" value=\"d3803884beb0504368a34fa29f605495\" \/><\/span>\n<\/p>\n<p><label> Accepta la pol\u00edtica de privacitat<br \/>\n<span class=\"wpcf7-form-control-wrap\" data-name=\"Privacy\"><span class=\"wpcf7-form-control wpcf7-acceptance\"><span class=\"wpcf7-list-item\"><input type=\"checkbox\" name=\"Privacy\" value=\"1\" aria-invalid=\"false\" \/><\/span><\/span><\/span> <\/label>\n<\/p>\n<p><input class=\"wpcf7-form-control wpcf7-submit has-spinner\" type=\"submit\" value=\"Enviar\" \/>\n<\/p><div class=\"wpcf7-response-output\" aria-hidden=\"true\"><\/div>\n<\/form>\n<\/div>\n[\/vc_column][\/vc_row]<\/p>\n","protected":false},"excerpt":{"rendered":"<p>[vc_row full_width=&#8221;stretch_row&#8221;][vc_column][rev_slider_vc alias=&#8221;home-main&#8221;][\/vc_column][\/vc_row][vc_row foundry_padding=&#8221;pt64 pb64&#8243;][vc_column width=&#8221;1\/6&#8243;][\/vc_column][vc_column width=&#8221;2\/3&#8243;][vc_column_text] SERIAMENT TEMPTADOR, LLEUGERAMENT EFERVESCENT I SEMPRE SUAU I FRESC Radicalment diferent. Beguda aromatitzada a&#8230;<\/p>\n","protected":false},"author":1,"featured_media":0,"parent":0,"menu_order":0,"comment_status":"closed","ping_status":"closed","template":"","meta":{"footnotes":""},"class_list":["post-2066","page","type-page","status-publish","hentry"],"_links":{"self":[{"href":"https:\/\/lamundialbarcelona.com\/ca\/wp-json\/wp\/v2\/pages\/2066"}],"collection":[{"href":"https:\/\/lamundialbarcelona.com\/ca\/wp-json\/wp\/v2\/pages"}],"about":[{"href":"https:\/\/lamundialbarcelona.com\/ca\/wp-json\/wp\/v2\/types\/page"}],"author":[{"embeddable":true,"href":"https:\/\/lamundialbarcelona.com\/ca\/wp-json\/wp\/v2\/users\/1"}],"replies":[{"embeddable":true,"href":"https:\/\/lamundialbarcelona.com\/ca\/wp-json\/wp\/v2\/comments?post=2066"}],"version-history":[{"count":20,"href":"https:\/\/lamundialbarcelona.com\/ca\/wp-json\/wp\/v2\/pages\/2066\/revisions"}],"predecessor-version":[{"id":2500,"href":"https:\/\/lamundialbarcelona.com\/ca\/wp-json\/wp\/v2\/pages\/2066\/revisions\/2500"}],"wp:attachment":[{"href":"https:\/\/lamundialbarcelona.com\/ca\/wp-json\/wp\/v2\/media?parent=2066"}],"curies":[{"name":"wp","href":"https:\/\/api.w.org\/{rel}","templated":true}]}}